{"id":44,"date":"2024-10-15T18:08:05","date_gmt":"2024-10-15T18:08:05","guid":{"rendered":"https:\/\/reformapcp.com\/?page_id=44"},"modified":"2024-12-06T12:42:50","modified_gmt":"2024-12-06T12:42:50","slug":"contacto","status":"publish","type":"page","link":"https:\/\/reformapcp.com\/en\/contacto\/","title":{"rendered":"Contact"},"content":{"rendered":"<div data-elementor-type=\"wp-page\" data-elementor-id=\"44\" class=\"elementor elementor-44\" data-elementor-post-type=\"page\">\n\t\t\t\t\t\t<section class=\"elementor-section elementor-top-section elementor-element elementor-element-70828bb6 elementor-section-full_width elementor-section-height-default elementor-section-height-default\" data-id=\"70828bb6\" data-element_type=\"section\">\n\t\t\t\t\t\t<div class=\"elementor-container elementor-column-gap-default\">\n\t\t\t\t\t<div class=\"elementor-column elementor-col-100 elementor-top-column elementor-element elementor-element-3159529c\" data-id=\"3159529c\" data-element_type=\"column\">\n\t\t\t<div class=\"elementor-widget-wrap elementor-element-populated\">\n\t\t\t\t\t\t<div class=\"elementor-element elementor-element-5cf64b40 elementor-invisible elementor-widget elementor-widget-image\" data-id=\"5cf64b40\" data-element_type=\"widget\" data-settings=\"{&quot;_animation&quot;:&quot;fadeIn&quot;}\" data-widget_type=\"image.default\">\n\t\t\t\t<div class=\"elementor-widget-container\">\n\t\t\t\t\t\t\t\t\t\t\t\t\t\t\t<img fetchpriority=\"high\" decoding=\"async\" width=\"1600\" height=\"683\" src=\"https:\/\/reformapcp.com\/wp-content\/uploads\/2024\/10\/26.jpg\" class=\"attachment-full size-full wp-image-71\" alt=\"\" srcset=\"https:\/\/reformapcp.com\/wp-content\/uploads\/2024\/10\/26.jpg 1600w, https:\/\/reformapcp.com\/wp-content\/uploads\/2024\/10\/26-300x128.jpg 300w, https:\/\/reformapcp.com\/wp-content\/uploads\/2024\/10\/26-1024x437.jpg 1024w, https:\/\/reformapcp.com\/wp-content\/uploads\/2024\/10\/26-768x328.jpg 768w, https:\/\/reformapcp.com\/wp-content\/uploads\/2024\/10\/26-1536x656.jpg 1536w\" sizes=\"(max-width: 1600px) 100vw, 1600px\" \/>\t\t\t\t\t\t\t\t\t\t\t\t\t\t\t<\/div>\n\t\t\t\t<\/div>\n\t\t\t\t\t<\/div>\n\t\t<\/div>\n\t\t\t\t\t<\/div>\n\t\t<\/section>\n\t\t\t\t<section class=\"elementor-section elementor-top-section elementor-element elementor-element-a0adbc1 elementor-section-boxed elementor-section-height-default elementor-section-height-default\" data-id=\"a0adbc1\" data-element_type=\"section\">\n\t\t\t\t\t\t<div class=\"elementor-container elementor-column-gap-default\">\n\t\t\t\t\t<div class=\"elementor-column elementor-col-33 elementor-top-column elementor-element elementor-element-1e6c81\" data-id=\"1e6c81\" data-element_type=\"column\">\n\t\t\t<div class=\"elementor-widget-wrap elementor-element-populated\">\n\t\t\t\t\t\t<div class=\"elementor-element elementor-element-1bac9422 elementor-widget__width-auto elementor-invisible elementor-widget elementor-widget-heading\" data-id=\"1bac9422\" data-element_type=\"widget\" data-settings=\"{&quot;_animation&quot;:&quot;fadeIn&quot;}\" data-widget_type=\"heading.default\">\n\t\t\t\t<div class=\"elementor-widget-container\">\n\t\t\t\t\t<h6 class=\"elementor-heading-title elementor-size-default\">Contact<\/h6>\t\t\t\t<\/div>\n\t\t\t\t<\/div>\n\t\t\t\t<div class=\"elementor-element elementor-element-4f24978c elementor-widget elementor-widget-qi_addons_for_elementor_animated_text\" data-id=\"4f24978c\" data-element_type=\"widget\" data-widget_type=\"qi_addons_for_elementor_animated_text.default\">\n\t\t\t\t<div class=\"elementor-widget-container\">\n\t\t\t\t\t<div class=\"qodef-shortcode qodef-m qodef-qi-animated-text qodef--animated-by-word qodef-qi--has-appear qodef--appear-from-right\" >\n\t\t<h2 class=\"qodef-m-title\">\n\t\t<span class=\"qodef-e-word\">Stay<\/span> <span class=\"qodef-e-word\">connected<\/span>\t<\/h2>\n<\/div>\n\t\t\t\t<\/div>\n\t\t\t\t<\/div>\n\t\t\t\t\t<\/div>\n\t\t<\/div>\n\t\t\t\t<div class=\"elementor-column elementor-col-33 elementor-top-column elementor-element elementor-element-152b6fe3\" data-id=\"152b6fe3\" data-element_type=\"column\">\n\t\t\t<div class=\"elementor-widget-wrap elementor-element-populated\">\n\t\t\t\t\t\t<div class=\"elementor-element elementor-element-70803217 elementor-invisible elementor-widget elementor-widget-heading\" data-id=\"70803217\" data-element_type=\"widget\" data-settings=\"{&quot;_animation&quot;:&quot;fadeIn&quot;}\" data-widget_type=\"heading.default\">\n\t\t\t\t<div class=\"elementor-widget-container\">\n\t\t\t\t\t<h6 class=\"elementor-heading-title elementor-size-default\">Office<\/h6>\t\t\t\t<\/div>\n\t\t\t\t<\/div>\n\t\t\t\t<div class=\"elementor-element elementor-element-bbb80f elementor-widget-mobile__width-inherit elementor-widget__width-initial elementor-invisible elementor-widget elementor-widget-text-editor\" data-id=\"bbb80f\" data-element_type=\"widget\" data-settings=\"{&quot;_animation&quot;:&quot;fadeIn&quot;}\" data-widget_type=\"text-editor.default\">\n\t\t\t\t<div class=\"elementor-widget-container\">\n\t\t\t\t\t\t\t\t\t<p>C\/ Magnus Blikstad 103, floor 3-A. Gij\u00f3n \u2013 Asturias.<\/p>\t\t\t\t\t\t\t\t<\/div>\n\t\t\t\t<\/div>\n\t\t\t\t<div class=\"elementor-element elementor-element-6b53fcb4 elementor-invisible elementor-widget elementor-widget-heading\" data-id=\"6b53fcb4\" data-element_type=\"widget\" data-settings=\"{&quot;_animation&quot;:&quot;fadeIn&quot;}\" data-widget_type=\"heading.default\">\n\t\t\t\t<div class=\"elementor-widget-container\">\n\t\t\t\t\t<h6 class=\"elementor-heading-title elementor-size-default\">Opening hours<\/h6>\t\t\t\t<\/div>\n\t\t\t\t<\/div>\n\t\t\t\t<div class=\"elementor-element elementor-element-193db62f elementor-widget-mobile__width-inherit elementor-invisible elementor-widget elementor-widget-text-editor\" data-id=\"193db62f\" data-element_type=\"widget\" data-settings=\"{&quot;_animation&quot;:&quot;fadeIn&quot;}\" data-widget_type=\"text-editor.default\">\n\t\t\t\t<div class=\"elementor-widget-container\">\n\t\t\t\t\t\t\t\t\t<p>Monday \u2013 Friday<\/p>\n<p>08:30 to 18:00<\/p>\t\t\t\t\t\t\t\t<\/div>\n\t\t\t\t<\/div>\n\t\t\t\t\t<\/div>\n\t\t<\/div>\n\t\t\t\t<div class=\"elementor-column elementor-col-33 elementor-top-column elementor-element elementor-element-757c5651\" data-id=\"757c5651\" data-element_type=\"column\">\n\t\t\t<div class=\"elementor-widget-wrap elementor-element-populated\">\n\t\t\t\t\t\t<div class=\"elementor-element elementor-element-6ae0946e elementor-invisible elementor-widget elementor-widget-heading\" data-id=\"6ae0946e\" data-element_type=\"widget\" data-settings=\"{&quot;_animation&quot;:&quot;fadeIn&quot;}\" data-widget_type=\"heading.default\">\n\t\t\t\t<div class=\"elementor-widget-container\">\n\t\t\t\t\t<h6 class=\"elementor-heading-title elementor-size-default\">Contact us<\/h6>\t\t\t\t<\/div>\n\t\t\t\t<\/div>\n\t\t\t\t<div class=\"elementor-element elementor-element-662abc56 elementor-widget-mobile__width-inherit elementor-icon-list--layout-traditional elementor-list-item-link-full_width elementor-invisible elementor-widget elementor-widget-icon-list\" data-id=\"662abc56\" data-element_type=\"widget\" data-settings=\"{&quot;_animation&quot;:&quot;fadeIn&quot;}\" data-widget_type=\"icon-list.default\">\n\t\t\t\t<div class=\"elementor-widget-container\">\n\t\t\t\t\t\t\t<ul class=\"elementor-icon-list-items\">\n\t\t\t\t\t\t\t<li class=\"elementor-icon-list-item\">\n\t\t\t\t\t\t\t\t\t\t\t<a href=\"#\">\n\n\t\t\t\t\t\t\t\t\t\t\t\t<span class=\"elementor-icon-list-icon\">\n\t\t\t\t\t\t\t<i aria-hidden=\"true\" class=\"icon icon-envelope2\"><\/i>\t\t\t\t\t\t<\/span>\n\t\t\t\t\t\t\t\t\t\t<span class=\"elementor-icon-list-text\">pedrocorreapulgarin@gmail.com<\/span>\n\t\t\t\t\t\t\t\t\t\t\t<\/a>\n\t\t\t\t\t\t\t\t\t<\/li>\n\t\t\t\t\t\t\t\t<li class=\"elementor-icon-list-item\">\n\t\t\t\t\t\t\t\t\t\t\t<a href=\"#\">\n\n\t\t\t\t\t\t\t\t\t\t\t\t<span class=\"elementor-icon-list-icon\">\n\t\t\t\t\t\t\t<i aria-hidden=\"true\" class=\"icon icon-phone1\"><\/i>\t\t\t\t\t\t<\/span>\n\t\t\t\t\t\t\t\t\t\t<span class=\"elementor-icon-list-text\">+622928357<\/span>\n\t\t\t\t\t\t\t\t\t\t\t<\/a>\n\t\t\t\t\t\t\t\t\t<\/li>\n\t\t\t\t\t\t<\/ul>\n\t\t\t\t\t\t<\/div>\n\t\t\t\t<\/div>\n\t\t\t\t<div class=\"elementor-element elementor-element-c5ca889 elementor-invisible elementor-widget elementor-widget-heading\" data-id=\"c5ca889\" data-element_type=\"widget\" data-settings=\"{&quot;_animation&quot;:&quot;fadeIn&quot;}\" data-widget_type=\"heading.default\">\n\t\t\t\t<div class=\"elementor-widget-container\">\n\t\t\t\t\t<h6 class=\"elementor-heading-title elementor-size-default\">Our Networks<\/h6>\t\t\t\t<\/div>\n\t\t\t\t<\/div>\n\t\t\t\t<div class=\"elementor-element elementor-element-a35aa51 elementor-widget-mobile__width-inherit elementor-icon-list--layout-traditional elementor-list-item-link-full_width elementor-invisible elementor-widget elementor-widget-icon-list\" data-id=\"a35aa51\" data-element_type=\"widget\" data-settings=\"{&quot;_animation&quot;:&quot;fadeIn&quot;}\" data-widget_type=\"icon-list.default\">\n\t\t\t\t<div class=\"elementor-widget-container\">\n\t\t\t\t\t\t\t<ul class=\"elementor-icon-list-items\">\n\t\t\t\t\t\t\t<li class=\"elementor-icon-list-item\">\n\t\t\t\t\t\t\t\t\t\t\t<a href=\"\">\n\n\t\t\t\t\t\t\t\t\t\t\t\t<span class=\"elementor-icon-list-icon\">\n\t\t\t\t\t\t\t<svg aria-hidden=\"true\" class=\"e-font-icon-svg e-fab-facebook-square\" viewbox=\"0 0 448 512\" xmlns=\"http:\/\/www.w3.org\/2000\/svg\"><path d=\"M400 32H48A48 48 0 0 0 0 80v352a48 48 0 0 0 48 48h137.25V327.69h-63V256h63v-54.64c0-62.15 37-96.48 93.67-96.48 27.14 0 55.52 4.84 55.52 4.84v61h-31.27c-30.81 0-40.42 19.12-40.42 38.73V256h68.78l-11 71.69h-57.78V480H400a48 48 0 0 0 48-48V80a48 48 0 0 0-48-48z\"><\/path><\/svg>\t\t\t\t\t\t<\/span>\n\t\t\t\t\t\t\t\t\t\t<span class=\"elementor-icon-list-text\">PCP Reforms<\/span>\n\t\t\t\t\t\t\t\t\t\t\t<\/a>\n\t\t\t\t\t\t\t\t\t<\/li>\n\t\t\t\t\t\t\t\t<li class=\"elementor-icon-list-item\">\n\t\t\t\t\t\t\t\t\t\t\t<a href=\"#\">\n\n\t\t\t\t\t\t\t\t\t\t\t\t<span class=\"elementor-icon-list-icon\">\n\t\t\t\t\t\t\t<i aria-hidden=\"true\" class=\"icon icon-instagram-1\"><\/i>\t\t\t\t\t\t<\/span>\n\t\t\t\t\t\t\t\t\t\t<span class=\"elementor-icon-list-text\">PCP Reforms<\/span>\n\t\t\t\t\t\t\t\t\t\t\t<\/a>\n\t\t\t\t\t\t\t\t\t<\/li>\n\t\t\t\t\t\t<\/ul>\n\t\t\t\t\t\t<\/div>\n\t\t\t\t<\/div>\n\t\t\t\t\t<\/div>\n\t\t<\/div>\n\t\t\t\t\t<\/div>\n\t\t<\/section>\n\t\t<div class=\"elementor-element elementor-element-9cc665f e-flex e-con-boxed e-con e-parent\" data-id=\"9cc665f\" data-element_type=\"container\">\n\t\t\t\t\t<div class=\"e-con-inner\">\n\t\t\t\t<div class=\"elementor-element elementor-element-0ce2900 elementor-widget elementor-widget-heading\" data-id=\"0ce2900\" data-element_type=\"widget\" data-widget_type=\"heading.default\">\n\t\t\t\t<div class=\"elementor-widget-container\">\n\t\t\t\t\t<h2 class=\"elementor-heading-title elementor-size-default\">Encu\u00e9ntranos<br><\/h2>\t\t\t\t<\/div>\n\t\t\t\t<\/div>\n\t\t\t\t<div class=\"elementor-element elementor-element-ebb70ed elementor-widget elementor-widget-google_maps\" data-id=\"ebb70ed\" data-element_type=\"widget\" data-widget_type=\"google_maps.default\">\n\t\t\t\t<div class=\"elementor-widget-container\">\n\t\t\t\t\t\t\t<div class=\"elementor-custom-embed\">\n\t\t\t<iframe loading=\"lazy\"\n\t\t\t\t\tsrc=\"https:\/\/maps.google.com\/maps?q=C.%20Magnus%20Blikstad%2C%20103%2C%20piso%203%2C%20Centro%2C%2033207%20Gij%C3%B3n%2C%20Asturias%2C%20Espa%C3%B1a&#038;t=m&#038;z=12&#038;output=embed&#038;iwloc=near\"\n\t\t\t\t\ttitle=\"C. Magnus Blikstad, 103, 3rd floor, city Center, 33207 Gij\u00f3n, Asturias, Spain\"\n\t\t\t\t\taria-label=\"C. Magnus Blikstad, 103, 3rd floor, city Center, 33207 Gij\u00f3n, Asturias, Spain\"\n\t\t\t><\/iframe>\n\t\t<\/div>\n\t\t\t\t\t\t<\/div>\n\t\t\t\t<\/div>\n\t\t\t\t\t<\/div>\n\t\t\t\t<\/div>\n\t\t<div class=\"elementor-element elementor-element-11944ae e-flex e-con-boxed e-con e-parent\" data-id=\"11944ae\" data-element_type=\"container\">\n\t\t\t\t\t<div class=\"e-con-inner\">\n\t\t\t\t<div class=\"elementor-element elementor-element-bc46987 elementor-widget elementor-widget-spacer\" data-id=\"bc46987\" data-element_type=\"widget\" data-widget_type=\"spacer.default\">\n\t\t\t\t<div class=\"elementor-widget-container\">\n\t\t\t\t\t\t\t<div class=\"elementor-spacer\">\n\t\t\t<div class=\"elementor-spacer-inner\"><\/div>\n\t\t<\/div>\n\t\t\t\t\t\t<\/div>\n\t\t\t\t<\/div>\n\t\t\t\t\t<\/div>\n\t\t\t\t<\/div>\n\t\t\t\t<\/div>","protected":false},"excerpt":{"rendered":"<p>Contacto Mantente conectado Oficina C\/ Magnus Blikstad 103, piso 3-A. Gij\u00f3n &#8211; Asturias. Horarios de Atenci\u00f3n Lunes &#8211; Viernes 08:30 a 18:00 Cont\u00e1ctanos pedrocorreapulgarin@gmail.com +622928357 Nuestras Redes PCP Reformas PCP Reformas Encu\u00e9ntranos<\/p>","protected":false},"author":2,"featured_media":0,"parent":0,"menu_order":0,"comment_status":"closed","ping_status":"closed","template":"","meta":{"footnotes":""},"class_list":["post-44","page","type-page","status-publish","hentry"],"yoast_head":"<!-- This site is optimized with the Yoast SEO plugin v25.7 - https:\/\/yoast.com\/wordpress\/plugins\/seo\/ -->\n<title>Contacto - Reformas PCP<\/title>\n<meta name=\"robots\" content=\"index, follow, max-snippet:-1, max-image-preview:large, max-video-preview:-1\" \/>\n<link rel=\"canonical\" href=\"https:\/\/reformapcp.com\/en\/contacto\/\" \/>\n<meta property=\"og:locale\" content=\"en_GB\" \/>\n<meta property=\"og:type\" content=\"article\" \/>\n<meta property=\"og:title\" content=\"Contacto - Reformas PCP\" \/>\n<meta property=\"og:description\" content=\"Contacto Mantente conectado Oficina C\/ Magnus Blikstad 103, piso 3-A. Gij\u00f3n &#8211; Asturias. Horarios de Atenci\u00f3n Lunes &#8211; Viernes 08:30 a 18:00 Cont\u00e1ctanos pedrocorreapulgarin@gmail.com +622928357 Nuestras Redes PCP Reformas PCP Reformas Encu\u00e9ntranos\" \/>\n<meta property=\"og:url\" content=\"https:\/\/reformapcp.com\/en\/contacto\/\" \/>\n<meta property=\"og:site_name\" content=\"Reformas PCP\" \/>\n<meta property=\"article:modified_time\" content=\"2024-12-06T12:42:50+00:00\" \/>\n<meta property=\"og:image\" content=\"https:\/\/reformapcp.com\/wp-content\/uploads\/2024\/10\/26.jpg\" \/>\n<meta name=\"twitter:card\" content=\"summary_large_image\" \/>\n<script type=\"application\/ld+json\" class=\"yoast-schema-graph\">{\"@context\":\"https:\/\/schema.org\",\"@graph\":[{\"@type\":\"WebPage\",\"@id\":\"https:\/\/reformapcp.com\/contacto\/\",\"url\":\"https:\/\/reformapcp.com\/contacto\/\",\"name\":\"Contacto - Reformas PCP\",\"isPartOf\":{\"@id\":\"https:\/\/reformapcp.com\/#website\"},\"primaryImageOfPage\":{\"@id\":\"https:\/\/reformapcp.com\/contacto\/#primaryimage\"},\"image\":{\"@id\":\"https:\/\/reformapcp.com\/contacto\/#primaryimage\"},\"thumbnailUrl\":\"https:\/\/reformapcp.com\/wp-content\/uploads\/2024\/10\/26.jpg\",\"datePublished\":\"2024-10-15T18:08:05+00:00\",\"dateModified\":\"2024-12-06T12:42:50+00:00\",\"breadcrumb\":{\"@id\":\"https:\/\/reformapcp.com\/contacto\/#breadcrumb\"},\"inLanguage\":\"en-GB\",\"potentialAction\":[{\"@type\":\"ReadAction\",\"target\":[\"https:\/\/reformapcp.com\/contacto\/\"]}]},{\"@type\":\"ImageObject\",\"inLanguage\":\"en-GB\",\"@id\":\"https:\/\/reformapcp.com\/contacto\/#primaryimage\",\"url\":\"https:\/\/reformapcp.com\/wp-content\/uploads\/2024\/10\/26.jpg\",\"contentUrl\":\"https:\/\/reformapcp.com\/wp-content\/uploads\/2024\/10\/26.jpg\"},{\"@type\":\"BreadcrumbList\",\"@id\":\"https:\/\/reformapcp.com\/contacto\/#breadcrumb\",\"itemListElement\":[{\"@type\":\"ListItem\",\"position\":1,\"name\":\"Home\",\"item\":\"https:\/\/reformapcp.com\/\"},{\"@type\":\"ListItem\",\"position\":2,\"name\":\"Contacto\"}]},{\"@type\":\"WebSite\",\"@id\":\"https:\/\/reformapcp.com\/#website\",\"url\":\"https:\/\/reformapcp.com\/\",\"name\":\"Reformas PCP\",\"description\":\"\",\"publisher\":{\"@id\":\"https:\/\/reformapcp.com\/#organization\"},\"potentialAction\":[{\"@type\":\"SearchAction\",\"target\":{\"@type\":\"EntryPoint\",\"urlTemplate\":\"https:\/\/reformapcp.com\/?s={search_term_string}\"},\"query-input\":{\"@type\":\"PropertyValueSpecification\",\"valueRequired\":true,\"valueName\":\"search_term_string\"}}],\"inLanguage\":\"en-GB\"},{\"@type\":\"Organization\",\"@id\":\"https:\/\/reformapcp.com\/#organization\",\"name\":\"Reformas PCP\",\"url\":\"https:\/\/reformapcp.com\/\",\"logo\":{\"@type\":\"ImageObject\",\"inLanguage\":\"en-GB\",\"@id\":\"https:\/\/reformapcp.com\/#\/schema\/logo\/image\/\",\"url\":\"https:\/\/reformapcp.com\/wp-content\/uploads\/2024\/10\/Diseno-sin-titulo-3.png\",\"contentUrl\":\"https:\/\/reformapcp.com\/wp-content\/uploads\/2024\/10\/Diseno-sin-titulo-3.png\",\"width\":619,\"height\":403,\"caption\":\"Reformas PCP\"},\"image\":{\"@id\":\"https:\/\/reformapcp.com\/#\/schema\/logo\/image\/\"}}]}<\/script>\n<!-- \/ Yoast SEO plugin. -->","yoast_head_json":{"title":"Contacto - Reformas PCP","robots":{"index":"index","follow":"follow","max-snippet":"max-snippet:-1","max-image-preview":"max-image-preview:large","max-video-preview":"max-video-preview:-1"},"canonical":"https:\/\/reformapcp.com\/en\/contacto\/","og_locale":"en_GB","og_type":"article","og_title":"Contacto - Reformas PCP","og_description":"Contacto Mantente conectado Oficina C\/ Magnus Blikstad 103, piso 3-A. Gij\u00f3n &#8211; Asturias. Horarios de Atenci\u00f3n Lunes &#8211; Viernes 08:30 a 18:00 Cont\u00e1ctanos pedrocorreapulgarin@gmail.com +622928357 Nuestras Redes PCP Reformas PCP Reformas Encu\u00e9ntranos","og_url":"https:\/\/reformapcp.com\/en\/contacto\/","og_site_name":"Reformas PCP","article_modified_time":"2024-12-06T12:42:50+00:00","og_image":[{"url":"https:\/\/reformapcp.com\/wp-content\/uploads\/2024\/10\/26.jpg","type":"","width":"","height":""}],"twitter_card":"summary_large_image","schema":{"@context":"https:\/\/schema.org","@graph":[{"@type":"WebPage","@id":"https:\/\/reformapcp.com\/contacto\/","url":"https:\/\/reformapcp.com\/contacto\/","name":"Contacto - Reformas PCP","isPartOf":{"@id":"https:\/\/reformapcp.com\/#website"},"primaryImageOfPage":{"@id":"https:\/\/reformapcp.com\/contacto\/#primaryimage"},"image":{"@id":"https:\/\/reformapcp.com\/contacto\/#primaryimage"},"thumbnailUrl":"https:\/\/reformapcp.com\/wp-content\/uploads\/2024\/10\/26.jpg","datePublished":"2024-10-15T18:08:05+00:00","dateModified":"2024-12-06T12:42:50+00:00","breadcrumb":{"@id":"https:\/\/reformapcp.com\/contacto\/#breadcrumb"},"inLanguage":"en-GB","potentialAction":[{"@type":"ReadAction","target":["https:\/\/reformapcp.com\/contacto\/"]}]},{"@type":"ImageObject","inLanguage":"en-GB","@id":"https:\/\/reformapcp.com\/contacto\/#primaryimage","url":"https:\/\/reformapcp.com\/wp-content\/uploads\/2024\/10\/26.jpg","contentUrl":"https:\/\/reformapcp.com\/wp-content\/uploads\/2024\/10\/26.jpg"},{"@type":"BreadcrumbList","@id":"https:\/\/reformapcp.com\/contacto\/#breadcrumb","itemListElement":[{"@type":"ListItem","position":1,"name":"Home","item":"https:\/\/reformapcp.com\/"},{"@type":"ListItem","position":2,"name":"Contacto"}]},{"@type":"WebSite","@id":"https:\/\/reformapcp.com\/#website","url":"https:\/\/reformapcp.com\/","name":"Reformas PCP","description":"","publisher":{"@id":"https:\/\/reformapcp.com\/#organization"},"potentialAction":[{"@type":"SearchAction","target":{"@type":"EntryPoint","urlTemplate":"https:\/\/reformapcp.com\/?s={search_term_string}"},"query-input":{"@type":"PropertyValueSpecification","valueRequired":true,"valueName":"search_term_string"}}],"inLanguage":"en-GB"},{"@type":"Organization","@id":"https:\/\/reformapcp.com\/#organization","name":"Reformas PCP","url":"https:\/\/reformapcp.com\/","logo":{"@type":"ImageObject","inLanguage":"en-GB","@id":"https:\/\/reformapcp.com\/#\/schema\/logo\/image\/","url":"https:\/\/reformapcp.com\/wp-content\/uploads\/2024\/10\/Diseno-sin-titulo-3.png","contentUrl":"https:\/\/reformapcp.com\/wp-content\/uploads\/2024\/10\/Diseno-sin-titulo-3.png","width":619,"height":403,"caption":"Reformas PCP"},"image":{"@id":"https:\/\/reformapcp.com\/#\/schema\/logo\/image\/"}}]}},"_links":{"self":[{"href":"https:\/\/reformapcp.com\/en\/wp-json\/wp\/v2\/pages\/44","targetHints":{"allow":["GET"]}}],"collection":[{"href":"https:\/\/reformapcp.com\/en\/wp-json\/wp\/v2\/pages"}],"about":[{"href":"https:\/\/reformapcp.com\/en\/wp-json\/wp\/v2\/types\/page"}],"author":[{"embeddable":true,"href":"https:\/\/reformapcp.com\/en\/wp-json\/wp\/v2\/users\/2"}],"replies":[{"embeddable":true,"href":"https:\/\/reformapcp.com\/en\/wp-json\/wp\/v2\/comments?post=44"}],"version-history":[{"count":28,"href":"https:\/\/reformapcp.com\/en\/wp-json\/wp\/v2\/pages\/44\/revisions"}],"predecessor-version":[{"id":453,"href":"https:\/\/reformapcp.com\/en\/wp-json\/wp\/v2\/pages\/44\/revisions\/453"}],"wp:attachment":[{"href":"https:\/\/reformapcp.com\/en\/wp-json\/wp\/v2\/media?parent=44"}],"curies":[{"name":"wp","href":"https:\/\/api.w.org\/{rel}","templated":true}]}}